{"id":1686,"date":"2023-09-20T15:35:45","date_gmt":"2023-09-20T13:35:45","guid":{"rendered":"https:\/\/www.camping-normandie-fanal.fr\/?page_id=1686"},"modified":"2023-10-19T16:28:41","modified_gmt":"2023-10-19T14:28:41","slug":"wat-te-doen-in-normandie-met-gezin","status":"publish","type":"page","link":"https:\/\/www.camping-normandie-fanal.fr\/nl\/wat-te-doen-in-normandie-met-gezin\/","title":{"rendered":"Wat te doen in Normandi\u00eb met gezin"},"content":{"rendered":"\n<div class=\"wp-block-cover alignfull is-light\"><span aria-hidden=\"true\" class=\"has-background-dim-0 wp-block-cover__gradient-background has-background-dim\"><\/span><img width=\"2560\" height=\"1440\" class=\"wp-block-cover__image-background wp-image-1656\" alt=\"Plages de la Normandie\" src=\"https:\/\/www.camping-normandie-fanal.fr\/wp-content\/uploads\/2023\/06\/pexels-bernard-damato-5926701-scaled.jpg\" data-object-fit=\"cover\" srcset=\"https:\/\/www.camping-normandie-fanal.fr\/wp-content\/uploads\/2023\/06\/pexels-bernard-damato-5926701-scaled.jpg 2560w, https:\/\/www.camping-normandie-fanal.fr\/wp-content\/uploads\/2023\/06\/pexels-bernard-damato-5926701-300x169.jpg 300w, https:\/\/www.camping-normandie-fanal.fr\/wp-content\/uploads\/2023\/06\/pexels-bernard-damato-5926701-1024x576.jpg 1024w, https:\/\/www.camping-normandie-fanal.fr\/wp-content\/uploads\/2023\/06\/pexels-bernard-damato-5926701-768x432.jpg 768w, https:\/\/www.camping-normandie-fanal.fr\/wp-content\/uploads\/2023\/06\/pexels-bernard-damato-5926701-1536x864.jpg 1536w, https:\/\/www.camping-normandie-fanal.fr\/wp-content\/uploads\/2023\/06\/pexels-bernard-damato-5926701-2048x1152.jpg 2048w, https:\/\/www.camping-normandie-fanal.fr\/wp-content\/uploads\/2023\/06\/pexels-bernard-damato-5926701-1920x1080.jpg 1920w\" sizes=\"(max-width: 2560px) 100vw, 2560px\" \/><div class=\"wp-block-cover__inner-container\">\n<p class=\"has-text-align-center has-large-font-size\"><\/p>\n<\/div><\/div>\n\n\n\n<h1 class=\"has-text-align-center\" id=\"que-faire-en-famille-en-normandie\">Wat te doen in Normandi\u00eb met gezin<\/h1>\n\n\n\n<div style=\"height:20px\" aria-hidden=\"true\" class=\"wp-block-spacer\"><\/div>\n\n\n\n<p class=\"has-text-align-center\">Ontdek de leukste <strong>gezinsactiviteiten in Normandi\u00eb<\/strong>! Van zonnige stranden tot <strong>schilderachtige wandelpaden<\/strong>,<br><strong>fietsen langs<\/strong> de kust en <strong>kajakken<\/strong>, Normandi\u00eb biedt een ruim aanbod aan ervaringen die je met het hele gezin kunt delen.<\/p>\n\n\n\n<div style=\"height:20px\" aria-hidden=\"true\" class=\"wp-block-spacer\"><\/div>\n\n\n\n<div class=\"wp-block-columns alignfull are-vertically-aligned-center F-10 deco--arbre-1 reverse-mob\">\n<div class=\"wp-block-column is-vertically-aligned-center\">\n<figure class=\"wp-block-image size-large\"><img width=\"1024\" height=\"681\" src=\"https:\/\/www.camping-normandie-fanal.fr\/wp-content\/uploads\/2023\/06\/mont-st-michel-5509839_1280-1024x681.jpg\" alt=\"Familie op een strand in Normandi\u00eb\" class=\"wp-image-1653\" srcset=\"https:\/\/www.camping-normandie-fanal.fr\/wp-content\/uploads\/2023\/06\/mont-st-michel-5509839_1280-1024x681.jpg 1024w, https:\/\/www.camping-normandie-fanal.fr\/wp-content\/uploads\/2023\/06\/mont-st-michel-5509839_1280-300x199.jpg 300w, https:\/\/www.camping-normandie-fanal.fr\/wp-content\/uploads\/2023\/06\/mont-st-michel-5509839_1280-768x511.jpg 768w, https:\/\/www.camping-normandie-fanal.fr\/wp-content\/uploads\/2023\/06\/mont-st-michel-5509839_1280.jpg 1280w\" sizes=\"(max-width: 1024px) 100vw, 1024px\" \/><\/figure>\n<\/div>\n\n\n\n<div class=\"wp-block-column is-vertically-aligned-center has-blanc-background-color has-background\">\n<h2 class=\"has-text-align-center has-bleu-color has-text-color\" id=\"des-activites-en-plein-air\">Buitenactiviteiten<\/h2>\n\n\n\n<p>Tijdens uw <strong>vakantie in Normandi\u00eb<\/strong> is er volop gelegenheid om met het hele gezin te genieten van allerlei buitenactiviteiten. Les magnifiques <strong>plages de la c\u00f4te normande<\/strong> offrent des journ\u00e9es de d\u00e9tente et de divertissement. De prachtige stranden langs de Normandische kust nodigen uit tot dagen vol ontspanning en plezier. Bouw zandkastelen, speel strandspelletjes en neem een verfrissende duik in het water van la Manche.<\/p>\n\n\n\n<p>Ook zijn er veel <strong>wandelpaden in de regio<\/strong> die een gevarieerd en exotisch landschap bieden. Slenter langs de <strong>kliffen van \u00c9tretat<\/strong> of verken de beboste paden van het regionale natuurpark <strong>Marais du Cotentin<\/strong> et du Bessin. Geniet van deze vakantie en kom dichter bij de natuur door de flora en fauna van Normandi\u00eb te ontdekken. Fietsliefhebbers, maak je klaar voor een <strong>onvergetelijke ervaring in Normandi\u00eb<\/strong>! Deze pittoreske regio biedt prachtige fietsroutes langs de kust en door adembenemend groene landschappen. Huur fietsen voor het hele gezin en beleef een spannend avontuur langs pittoreske dorpjes, appelboomgaarden en bucolische landschappen.<\/p>\n\n\n\n<p>Of u nu er voor kiest om te ontspannen op de stranden, de wandelpaden te bewandelen, te fietsen langs de Normandische kust of te kajakken om de zee te ontdekken, <strong>Normandi\u00eb biedt een veelheid aan buitenactiviteiten<\/strong> voor onvergetelijke momenten met het hele gezin.<\/p>\n<\/div>\n<\/div>\n\n\n\n<div class=\"wp-block-columns alignfull are-vertically-aligned-center F-15\">\n<div class=\"wp-block-column is-vertically-aligned-center\">\n<h2 class=\"has-text-align-center has-bleu-color has-text-color\" id=\"visites-culturelles-et-historiques-en-normandie\">Culturele en historische schatten ontdekken in Normandi\u00eb<\/h2>\n\n\n\n<p><strong>Normandi\u00eb, een regio doordrenkt van geschiedenis en cultureel erfgoed<\/strong>, Mis tijdens uw <strong>kampeervakantie in Normandi\u00eb<\/strong> niet de kans om de vele culturele en historische bezienswaardigheden te ontdekken die de regio te bieden heeft.<\/p>\n\n\n\n<p>Laat je verwonderen door <strong>Mont-Saint-Michel<\/strong>, een architectonisch en spiritueel wonder dat trots op de <strong>Werelderfgoedlijst van UNESCO prijkt<\/strong>. Elk jaar trekken de middeleeuwse abdij, pittoreske straatjes en adembenemend uitzicht over de baai miljoenen bezoekers.<\/p>\n\n\n\n<p><strong>Bayeux<\/strong>, een andere culturele schat in <strong>Normandi\u00eb<\/strong>, is wereldberoemd om zijn 11e-eeuwse wandtapijt. Dit 70 meter lange geborduurde kunstwerk vertelt het verhaal van de verovering van Engeland door Willem de Veroveraar. Het Tapijtmuseum van Bayeux dompelt je onder in deze fascinerende historische periode.<\/p>\n\n\n\n<p>Caen, de bruisende stad van Normandi\u00eb, herbergt ook indrukwekkende culturele schatten. Verken het majestueuze Ch\u00e2teau de Caen en laat je betoveren door het museum voor schone kunsten maar vergeet ook niet een bezoek te brengen aan de Abbey aux Hommes en de Abbey aux Dames, twee architectonische meesterwerken.<\/p>\n<\/div>\n\n\n\n<div class=\"wp-block-column is-vertically-aligned-center\">\n<figure class=\"wp-block-image size-large\"><img width=\"1024\" height=\"701\" src=\"https:\/\/www.camping-normandie-fanal.fr\/wp-content\/uploads\/2023\/06\/mont-saint-michel-2489345_1280-1024x701.jpg\" alt=\"\" class=\"wp-image-1650\" title=\"Mont Saint Michel in Normandi\u00eb\" srcset=\"https:\/\/www.camping-normandie-fanal.fr\/wp-content\/uploads\/2023\/06\/mont-saint-michel-2489345_1280-1024x701.jpg 1024w, https:\/\/www.camping-normandie-fanal.fr\/wp-content\/uploads\/2023\/06\/mont-saint-michel-2489345_1280-300x205.jpg 300w, https:\/\/www.camping-normandie-fanal.fr\/wp-content\/uploads\/2023\/06\/mont-saint-michel-2489345_1280-768x526.jpg 768w, https:\/\/www.camping-normandie-fanal.fr\/wp-content\/uploads\/2023\/06\/mont-saint-michel-2489345_1280.jpg 1280w\" sizes=\"(max-width: 1024px) 100vw, 1024px\" \/><\/figure>\n<\/div>\n<\/div>\n\n\n\n<h2 class=\"has-bleu-color has-text-color\" id=\"sejourner-dans-un-camping-familial-en-normandie\">Familiecamping in Normandi\u00eb<\/h2>\n\n\n\n<p>Van 1 april tot 30 september biedt onze <strong>camping Le Fanal in Normandi\u00eb met zwembad<\/strong> alle comfort voor vakantiegangers van heinde en verre. Genesteld in het hart van een ongerepte natuur, biedt onze camping een rustige en vredige omgeving voor een ontspannen familievakantie. Met een ruime keuze aan comfortabele accommodaties, zoals stacaravans en ruime kampeerplaatsen, vindt u de perfecte optie voor uw verblijf.<\/p>\n\n\n\n<p><strong><a href=\"https:\/\/www.camping-normandie-fanal.fr\/\" target=\"_blank\" rel=\"noreferrer noopener\">Camping Le Fanal<\/a><\/strong> biedt ook een scala aan faciliteiten en <strong>activiteiten voor het hele gezin<\/strong>. Geniet op zonnige dagen van het <strong>verwarmde zwembad<\/strong> of ontspan op het terras met een verfrissend drankje. Slecht weer? Geen probleem! Duik in ons <a href=\"https:\/\/www.camping-normandie-fanal.fr\/piscine-chauffee-normandie\/\" target=\"_blank\" rel=\"noreferrer noopener\">waterpark<\/a> met een verwarmd binnenzwembad. Kinderen kunnen zich vermaken in de speeltuinen en deelnemen aan de <strong>activiteiten<\/strong> die worden georganiseerd door ons <strong>animatieteam<\/strong>. Actievelingen kunnen ook gebruik maken van de sportvelden om te voetballen, volleyballen of tafeltennissen.<\/p>\n\n\n\n<p>Of u nu een ontspannende vakantie aan zee wilt doorbrengen op een <strong>camping in Normandi\u00eb<\/strong>, het historische erfgoed van de regio wilt ontdekken of wilt genieten van buitenactiviteiten, camping Le Fanal belooft u een <strong>onvergetelijk verblijf in Normandi\u00eb<\/strong>.<\/p>\n\n\n\n<div style=\"height:20px\" aria-hidden=\"true\" class=\"wp-block-spacer\"><\/div>\n\n\n\n<div class=\"wp-block-cover aligncenter is-light\"><span aria-hidden=\"true\" class=\"wp-block-cover__gradient-background has-background-dim\"><\/span><img width=\"1024\" height=\"682\" class=\"wp-block-cover__image-background wp-image-566\" alt=\"Mobil-home familial en Normandie au camping le Fanal\" src=\"https:\/\/www.camping-normandie-fanal.fr\/wp-content\/uploads\/2023\/04\/camping-le-fanal-palaos-min-1024x682-1.jpg\" style=\"object-position:56% 30%\" data-object-fit=\"cover\" data-object-position=\"56% 30%\" srcset=\"https:\/\/www.camping-normandie-fanal.fr\/wp-content\/uploads\/2023\/04\/camping-le-fanal-palaos-min-1024x682-1.jpg 1024w, https:\/\/www.camping-normandie-fanal.fr\/wp-content\/uploads\/2023\/04\/camping-le-fanal-palaos-min-1024x682-1-300x200.jpg 300w, https:\/\/www.camping-normandie-fanal.fr\/wp-content\/uploads\/2023\/04\/camping-le-fanal-palaos-min-1024x682-1-768x512.jpg 768w\" sizes=\"(max-width: 1024px) 100vw, 1024px\" \/><div class=\"wp-block-cover__inner-container\">\n<p class=\"has-text-align-center has-large-font-size\"><\/p>\n<\/div><\/div>\n","protected":false},"excerpt":{"rendered":"<p>Wat te doen in Normandi\u00eb met gezin Ontdek de leukste gezinsactiviteiten in Normandi\u00eb! Van zonnige stranden tot schilderachtige wandelpaden,fietsen langs de kust en kajakken, Normandi\u00eb biedt een ruim aanbod aan ervaringen die je met het hele gezin kunt delen. Buitenactiviteiten Tijdens uw vakantie in Normandi\u00eb is er volop gelegenheid om met het hele gezin te [&hellip;]<\/p>\n","protected":false},"author":1,"featured_media":1654,"parent":0,"menu_order":0,"comment_status":"closed","ping_status":"closed","template":"","meta":[],"acf":[],"_links":{"self":[{"href":"https:\/\/www.camping-normandie-fanal.fr\/nl\/wp-json\/wp\/v2\/pages\/1686"}],"collection":[{"href":"https:\/\/www.camping-normandie-fanal.fr\/nl\/wp-json\/wp\/v2\/pages"}],"about":[{"href":"https:\/\/www.camping-normandie-fanal.fr\/nl\/wp-json\/wp\/v2\/types\/page"}],"author":[{"embeddable":true,"href":"https:\/\/www.camping-normandie-fanal.fr\/nl\/wp-json\/wp\/v2\/users\/1"}],"replies":[{"embeddable":true,"href":"https:\/\/www.camping-normandie-fanal.fr\/nl\/wp-json\/wp\/v2\/comments?post=1686"}],"version-history":[{"count":5,"href":"https:\/\/www.camping-normandie-fanal.fr\/nl\/wp-json\/wp\/v2\/pages\/1686\/revisions"}],"predecessor-version":[{"id":1882,"href":"https:\/\/www.camping-normandie-fanal.fr\/nl\/wp-json\/wp\/v2\/pages\/1686\/revisions\/1882"}],"wp:featuredmedia":[{"embeddable":true,"href":"https:\/\/www.camping-normandie-fanal.fr\/nl\/wp-json\/wp\/v2\/media\/1654"}],"wp:attachment":[{"href":"https:\/\/www.camping-normandie-fanal.fr\/nl\/wp-json\/wp\/v2\/media?parent=1686"}],"curies":[{"name":"wp","href":"https:\/\/api.w.org\/{rel}","templated":true}]}}